{"id":531,"date":"2022-06-06T13:14:42","date_gmt":"2022-06-06T11:14:42","guid":{"rendered":"https:\/\/www.casavacanzelevico.it\/?page_id=531"},"modified":"2022-06-13T18:01:20","modified_gmt":"2022-06-13T16:01:20","slug":"levico-terme","status":"publish","type":"page","link":"https:\/\/www.casavacanzelevico.it\/de\/levico-terme\/","title":{"rendered":"Levico Terme"},"content":{"rendered":"\n<div class=\"wp-block-cover alignfull\" style=\"min-height:100vh;aspect-ratio:unset;\"><span aria-hidden=\"true\" class=\"wp-block-cover__background has-background-dim-10 has-background-dim\"><\/span><img loading=\"lazy\" decoding=\"async\" width=\"1920\" height=\"1280\" class=\"wp-block-cover__image-background wp-image-242\" alt=\"\" src=\"http:\/\/www.casavacanzelevico.it\/wp-content\/uploads\/2022\/06\/lago-levico_001.jpg\" data-object-fit=\"cover\" srcset=\"https:\/\/www.casavacanzelevico.it\/wp-content\/uploads\/2022\/06\/lago-levico_001.jpg 1920w, https:\/\/www.casavacanzelevico.it\/wp-content\/uploads\/2022\/06\/lago-levico_001-300x200.jpg 300w, https:\/\/www.casavacanzelevico.it\/wp-content\/uploads\/2022\/06\/lago-levico_001-1024x683.jpg 1024w, https:\/\/www.casavacanzelevico.it\/wp-content\/uploads\/2022\/06\/lago-levico_001-768x512.jpg 768w, https:\/\/www.casavacanzelevico.it\/wp-content\/uploads\/2022\/06\/lago-levico_001-1536x1024.jpg 1536w\" sizes=\"auto, (max-width: 1920px) 100vw, 1920px\" \/><div class=\"wp-block-cover__inner-container is-layout-flow wp-block-cover-is-layout-flow\">\n<div class=\"wp-block-uagb-advanced-heading uagb-block-939d3001\"><h2 class=\"uagb-heading-text\">Ein Gebiet reich an<br><strong>Geschichte und Kultur<\/strong><\/h2><p class=\"uagb-desc-text\"><\/p><\/div>\n<\/div><\/div>\n\n\n\n<section class=\"wp-block-uagb-section uagb-section__wrap uagb-section__background-undefined alignfull uagb-block-560f18b6\"><div class=\"uagb-section__overlay\"><\/div><div class=\"uagb-section__inner-wrap\">\n<section class=\"wp-block-uagb-columns uagb-columns__wrap uagb-columns__background-undefined uagb-columns__stack-mobile uagb-columns__valign-top uagb-columns__gap-0 alignundefined uagb-block-8cf9ce6d\"><div class=\"uagb-columns__overlay\"><\/div><div class=\"uagb-columns__inner-wrap uagb-columns__columns-2\">\n<div class=\"wp-block-uagb-column uagb-column__wrap uagb-column__background-undefined uagb-block-b96d045e\"><div class=\"uagb-column__overlay\"><\/div><div class=\"uagb-column__inner-wrap\">\n<div class=\"wp-block-uagb-advanced-heading uagb-block-cb7af875\"><h1 class=\"uagb-heading-text\">Levico<br><strong>Thermen<\/strong><\/h1><p class=\"uagb-desc-text\"><\/p><\/div>\n<\/div><\/div>\n\n\n\n<div class=\"wp-block-uagb-column uagb-column__wrap uagb-column__background-undefined uagb-block-cf50bba4\"><div class=\"uagb-column__overlay\"><\/div><div class=\"uagb-column__inner-wrap\">\n<p>Seit \u00fcber 150 Jahren sind die <strong>Levico-Thermen<\/strong> eine Quelle der Gesundheit und des Wohlbefindens. Die Eigenschaften eines in Italien einzigartigen Wassers sind die Grundlage f\u00fcr die Behandlungen, die man im Levico Thermen finden kann.<br>Dank der bekannten <strong>therapeutischen Eigenschaften<\/strong> und der immunmodulierenden Wirkung des <strong>Levico Forte-Wassers<\/strong> sind Schlammb\u00e4der und Inhalationskuren eine wichtige nat\u00fcrliche Hilfe f\u00fcr das k\u00f6rperliche und psychische Wohlbefinden.<\/p>\n<\/div><\/div>\n<\/div><\/section>\n\n\n\n<section class=\"wp-block-uagb-columns uagb-columns__wrap uagb-columns__background-undefined uagb-columns__stack-mobile uagb-columns__valign-top uagb-columns__gap-0 alignundefined uagb-columns__reverse-mobile uagb-block-1edef664\"><div class=\"uagb-columns__overlay\"><\/div><div class=\"uagb-columns__inner-wrap uagb-columns__columns-2\">\n<div class=\"wp-block-uagb-column uagb-column__wrap uagb-column__background-undefined uagb-block-d3b2994c\"><div class=\"uagb-column__overlay\"><\/div><div class=\"uagb-column__inner-wrap\">\n<p>Zu Levico Terme geh\u00f6rt der <strong>Parco Asburgico<\/strong> (Habsburger Park), der gr\u00f6\u00dfte historische Park in der Provinz Trient, in dem eine gro\u00dfe Vielfalt an Baum- und Straucharten zu finden ist.<br>Hier finden Veranstaltungen wie der <strong>Ortinparco<\/strong> zum Thema Gartenbau und G\u00e4rten und der <strong>Weihnachtsmarkt<\/strong> statt.<\/p>\n<\/div><\/div>\n\n\n\n<div class=\"wp-block-uagb-column uagb-column__wrap uagb-column__background-undefined uagb-block-76b3fe76\"><div class=\"uagb-column__overlay\"><\/div><div class=\"uagb-column__inner-wrap\">\n<div class=\"wp-block-uagb-advanced-heading uagb-block-2a514ede\"><h1 class=\"uagb-heading-text\">Habsburger<br><strong>Park<\/strong><\/h1><p class=\"uagb-desc-text\"><\/p><\/div>\n<\/div><\/div>\n<\/div><\/section>\n\n\n\n<section class=\"wp-block-uagb-columns uagb-columns__wrap uagb-columns__background-undefined uagb-columns__stack-mobile uagb-columns__valign-top uagb-columns__gap-0 alignundefined uagb-block-20cb20b4\"><div class=\"uagb-columns__overlay\"><\/div><div class=\"uagb-columns__inner-wrap uagb-columns__columns-2\">\n<div class=\"wp-block-uagb-column uagb-column__wrap uagb-column__background-undefined uagb-block-aa4dde8b\"><div class=\"uagb-column__overlay\"><\/div><div class=\"uagb-column__inner-wrap\">\n<div class=\"wp-block-uagb-advanced-heading uagb-block-0e7113a9\"><h1 class=\"uagb-heading-text\">Levico-<strong>See<\/strong><\/h1><p class=\"uagb-desc-text\"><\/p><\/div>\n<\/div><\/div>\n\n\n\n<div class=\"wp-block-uagb-column uagb-column__wrap uagb-column__background-undefined uagb-block-1e3c14c3\"><div class=\"uagb-column__overlay\"><\/div><div class=\"uagb-column__inner-wrap\">\n<p>Der <strong>Levico-See<\/strong> ist der zweitgr\u00f6\u00dfte See in der <strong>Valsugana<\/strong> und geh\u00f6rt zusammen mit dem <strong>Caldonazzo-See<\/strong> zu den <strong>w\u00e4rmsten Seen<\/strong> in S\u00fcdeuropa.<br>Seine Ufer sind von gr\u00fcnen W\u00e4ldern gepr\u00e4gt, in denen viele erholsame Spazierg\u00e4nge unternommen werden k\u00f6nnen, wie zum Beispiel die malerische <strong>Via dei Pescatori<\/strong>.<\/p>\n<\/div><\/div>\n<\/div><\/section>\n<\/div><\/section>\n\n\n\n<section class=\"wp-block-uagb-section uagb-section__wrap uagb-section__background-color alignfull uagb-block-f50d0b2f\" id=\"requestinfo\"><div class=\"uagb-section__overlay\"><\/div><div class=\"uagb-section__inner-wrap\">\n<div class=\"wpforms-container wpforms-container-full\" id=\"wpforms-148\"><form id=\"wpforms-form-148\" class=\"wpforms-validate wpforms-form wpforms-ajax-form\" data-formid=\"148\" method=\"post\" enctype=\"multipart\/form-data\" action=\"\/de\/wp-json\/wp\/v2\/pages\/531\" data-token=\"ef99bed3011b5c7d4610d7bf7c2bb800\" data-token-time=\"1778074553\"><noscript class=\"wpforms-error-noscript\">Bitte aktiviere JavaScript in deinem Browser, um dieses Formular fertigzustellen.<\/noscript><div class=\"wpforms-field-container\"><div id=\"wpforms-148-field_0-container\" class=\"wpforms-field wpforms-field-name\" data-field-id=\"0\"><label class=\"wpforms-field-label wpforms-label-hide\" for=\"wpforms-148-field_0\">Nome <span class=\"wpforms-required-label\">*<\/span><\/label><div class=\"wpforms-field-row wpforms-field-large\"><div class=\"wpforms-field-row-block wpforms-first wpforms-one-half\"><input type=\"text\" id=\"wpforms-148-field_0\" class=\"wpforms-field-name-first wpforms-field-required\" name=\"wpforms[fields][0][first]\" placeholder=\"Nome*\" required><label for=\"wpforms-148-field_0\" class=\"wpforms-field-sublabel after wpforms-sublabel-hide\">Vorname<\/label><\/div><div class=\"wpforms-field-row-block wpforms-one-half\"><input type=\"text\" id=\"wpforms-148-field_0-last\" class=\"wpforms-field-name-last wpforms-field-required\" name=\"wpforms[fields][0][last]\" placeholder=\"Cognome*\" required><label for=\"wpforms-148-field_0-last\" class=\"wpforms-field-sublabel after wpforms-sublabel-hide\">Nachname<\/label><\/div><\/div><\/div><div id=\"wpforms-148-field_1-container\" class=\"wpforms-field wpforms-field-email wpforms-one-half wpforms-first\" data-field-id=\"1\"><label class=\"wpforms-field-label wpforms-label-hide\" for=\"wpforms-148-field_1\">Email <span class=\"wpforms-required-label\">*<\/span><\/label><input type=\"email\" id=\"wpforms-148-field_1\" class=\"wpforms-field-large wpforms-field-required\" name=\"wpforms[fields][1]\" placeholder=\"Email*\" spellcheck=\"false\" required><\/div><div id=\"wpforms-148-field_3-container\" class=\"wpforms-field wpforms-field-phone wpforms-one-half\" data-field-id=\"3\"><label class=\"wpforms-field-label wpforms-label-hide\" for=\"wpforms-148-field_3\">Telefono<\/label><input type=\"tel\" id=\"wpforms-148-field_3\" class=\"wpforms-field-large wpforms-smart-phone-field\" data-rule-smart-phone-field=\"true\" name=\"wpforms[fields][3]\" placeholder=\"Telefono\" aria-label=\"Telefono\" ><\/div><div id=\"wpforms-148-field_4-container\" class=\"wpforms-field wpforms-field-date-time wpforms-one-half wpforms-first\" data-field-id=\"4\"><label class=\"wpforms-field-label wpforms-label-hide\" for=\"wpforms-148-field_4\">Arrivo <span class=\"wpforms-required-label\">*<\/span><\/label><div class=\"wpforms-datepicker-wrap\"><input type=\"text\" id=\"wpforms-148-field_4\" class=\"wpforms-field-date-time-date wpforms-datepicker wpforms-field-required wpforms-field-large\" data-date-format=\"m\/d\/Y\" data-disable-past-dates=\"1\" data-disable-todays-date=\"0\" data-input=\"true\" name=\"wpforms[fields][4][date]\" placeholder=\"Arrivo*\" required><a title=\"Datum leeren\" data-clear role=\"button\" tabindex=\"0\" class=\"wpforms-datepicker-clear\" aria-label=\"Datum leeren\" style=\"display:none;\"><\/a><\/div><\/div><div id=\"wpforms-148-field_5-container\" class=\"wpforms-field wpforms-field-date-time wpforms-one-half\" data-field-id=\"5\"><label class=\"wpforms-field-label wpforms-label-hide\" for=\"wpforms-148-field_5\">Partenza <span class=\"wpforms-required-label\">*<\/span><\/label><div class=\"wpforms-datepicker-wrap\"><input type=\"text\" id=\"wpforms-148-field_5\" class=\"wpforms-field-date-time-date wpforms-datepicker wpforms-field-required wpforms-field-large\" data-date-format=\"m\/d\/Y\" data-disable-past-dates=\"1\" data-disable-todays-date=\"0\" data-input=\"true\" name=\"wpforms[fields][5][date]\" placeholder=\"Partenza*\" required><a title=\"Datum leeren\" data-clear role=\"button\" tabindex=\"0\" class=\"wpforms-datepicker-clear\" aria-label=\"Datum leeren\" style=\"display:none;\"><\/a><\/div><\/div><div id=\"wpforms-148-field_2-container\" class=\"wpforms-field wpforms-field-textarea\" data-field-id=\"2\"><label class=\"wpforms-field-label wpforms-label-hide\" for=\"wpforms-148-field_2\">Messaggio <span class=\"wpforms-required-label\">*<\/span><\/label><textarea id=\"wpforms-148-field_2\" class=\"wpforms-field-medium wpforms-field-required\" name=\"wpforms[fields][2]\" placeholder=\"Messaggio*\" required><\/textarea><\/div><div id=\"wpforms-148-field_6-container\" class=\"wpforms-field wpforms-field-gdpr-checkbox\" data-field-id=\"6\"><label class=\"wpforms-field-label\">Accettazione GDPR <span class=\"wpforms-required-label\">*<\/span><\/label><ul id=\"wpforms-148-field_6\" class=\"wpforms-field-required\"><li class=\"choice-1\"><input type=\"checkbox\" id=\"wpforms-148-field_6_1\" name=\"wpforms[fields][6][]\" value=\"Acconsento a che questo sito conservi le informazioni inviate cos\u00ec che possano rispondere alla mia richiesta.\" required ><label class=\"wpforms-field-label-inline\" for=\"wpforms-148-field_6_1\">Acconsento a che questo sito conservi le informazioni inviate cos\u00ec che possano rispondere alla mia richiesta.<\/label><\/li><\/ul><\/div><\/div><!-- .wpforms-field-container --><div class=\"wpforms-recaptcha-container wpforms-is-recaptcha wpforms-is-recaptcha-type-v3\" ><input type=\"hidden\" name=\"wpforms[recaptcha]\" value=\"\"><\/div><div class=\"wpforms-submit-container\" ><input type=\"hidden\" name=\"wpforms[id]\" value=\"148\"><input type=\"hidden\" name=\"page_title\" value=\"\"><input type=\"hidden\" name=\"page_url\" value=\"https:\/\/www.casavacanzelevico.it\/de\/wp-json\/wp\/v2\/pages\/531\"><input type=\"hidden\" name=\"url_referer\" value=\"\"><button type=\"submit\" name=\"wpforms[submit]\" id=\"wpforms-submit-148\" class=\"wpforms-submit\" data-alt-text=\"Invio in corso...\" data-submit-text=\"invia\" aria-live=\"assertive\" value=\"wpforms-submit\">invia<\/button><img loading=\"lazy\" decoding=\"async\" src=\"https:\/\/www.casavacanzelevico.it\/wp-content\/plugins\/wpforms\/assets\/images\/submit-spin.svg\" class=\"wpforms-submit-spinner\" style=\"display: none;\" width=\"26\" height=\"26\" alt=\"Wird geladen\"><\/div><\/form><\/div>  <!-- .wpforms-container -->\n<\/div><\/section>\n\n\n\n<section class=\"wp-block-uagb-section uagb-section__wrap uagb-section__background-undefined alignfull uagb-block-637e2c05\"><div class=\"uagb-section__overlay\"><\/div><div class=\"uagb-section__inner-wrap\">\t\t\t<div \n\t\t\tclass=\"wp-block-uagb-google-map uagb-google-map__wrap uagb-block-8f62ef60     \"\n\t\t\tstyle=\"\" >\n\t\t\t\t<embed\n\t\t\t\t\tclass=\"uagb-google-map__iframe\"\n\t\t\t\t\ttitle=\"Google Map for \"\n\t\t\t\t\tsrc=\"https:\/\/maps.google.com\/maps?q=Viale%20Roma%201%2C%2038056%20Levico%20Terme%20-%20TN&#038;z=16&#038;hl=it&#038;t=m&#038;output=embed&#038;iwloc=near\"\n\t\t\t\t\twidth=\"640\"\n\t\t\t\t\theight=\"600\"\n\t\t\t\t\tloading=\"lazy\"\n\t\t\t\t><\/embed>\n\t\t\t<\/div>\n\t\t\t<\/div><\/section>\n","protected":false},"excerpt":{"rendered":"","protected":false},"author":1,"featured_media":0,"parent":0,"menu_order":0,"comment_status":"closed","ping_status":"closed","template":"","meta":{"_uag_custom_page_level_css":"","site-sidebar-layout":"default","site-content-layout":"","ast-site-content-layout":"default","site-content-style":"default","site-sidebar-style":"default","ast-global-header-display":"","ast-banner-title-visibility":"","ast-main-header-display":"","ast-hfb-above-header-display":"","ast-hfb-below-header-display":"","ast-hfb-mobile-header-display":"","site-post-title":"","ast-breadcrumbs-content":"","ast-featured-img":"","footer-sml-layout":"","ast-disable-related-posts":"","theme-transparent-header-meta":"","adv-header-id-meta":"","stick-header-meta":"","header-above-stick-meta":"","header-main-stick-meta":"","header-below-stick-meta":"","astra-migrate-meta-layouts":"default","ast-page-background-enabled":"default","ast-page-background-meta":{"desktop":{"background-color":"var(--ast-global-color-4)","background-image":"","background-repeat":"repeat","background-position":"center center","background-size":"auto","background-attachment":"scroll","background-type":"","background-media":"","overlay-type":"","overlay-color":"","overlay-opacity":"","overlay-gradient":""},"tablet":{"background-color":"","background-image":"","background-repeat":"repeat","background-position":"center center","background-size":"auto","background-attachment":"scroll","background-type":"","background-media":"","overlay-type":"","overlay-color":"","overlay-opacity":"","overlay-gradient":""},"mobile":{"background-color":"","background-image":"","background-repeat":"repeat","background-position":"center center","background-size":"auto","background-attachment":"scroll","background-type":"","background-media":"","overlay-type":"","overlay-color":"","overlay-opacity":"","overlay-gradient":""}},"ast-content-background-meta":{"desktop":{"background-color":"var(--ast-global-color-5)","background-image":"","background-repeat":"repeat","background-position":"center center","background-size":"auto","background-attachment":"scroll","background-type":"","background-media":"","overlay-type":"","overlay-color":"","overlay-opacity":"","overlay-gradient":""},"tablet":{"background-color":"var(--ast-global-color-5)","background-image":"","background-repeat":"repeat","background-position":"center center","background-size":"auto","background-attachment":"scroll","background-type":"","background-media":"","overlay-type":"","overlay-color":"","overlay-opacity":"","overlay-gradient":""},"mobile":{"background-color":"var(--ast-global-color-5)","background-image":"","background-repeat":"repeat","background-position":"center center","background-size":"auto","background-attachment":"scroll","background-type":"","background-media":"","overlay-type":"","overlay-color":"","overlay-opacity":"","overlay-gradient":""}},"footnotes":""},"class_list":["post-531","page","type-page","status-publish","hentry"],"yoast_head":"<!-- This site is optimized with the Yoast SEO plugin v26.6 - https:\/\/yoast.com\/wordpress\/plugins\/seo\/ -->\n<title>Levico Terme - Casa Vacanze Levico<\/title>\n<meta name=\"robots\" content=\"index, follow, max-snippet:-1, max-image-preview:large, max-video-preview:-1\" \/>\n<link rel=\"canonical\" href=\"https:\/\/www.casavacanzelevico.it\/de\/levico-terme\/\" \/>\n<meta property=\"og:locale\" content=\"de_DE\" \/>\n<meta property=\"og:type\" content=\"article\" \/>\n<meta property=\"og:title\" content=\"Levico Terme - Casa Vacanze Levico\" \/>\n<meta property=\"og:url\" content=\"https:\/\/www.casavacanzelevico.it\/de\/levico-terme\/\" \/>\n<meta property=\"og:site_name\" content=\"Casa Vacanze Levico\" \/>\n<meta property=\"article:modified_time\" content=\"2022-06-13T16:01:20+00:00\" \/>\n<meta property=\"og:image\" content=\"http:\/\/www.casavacanzelevico.it\/wp-content\/uploads\/2022\/06\/lago-levico_001.jpg\" \/>\n<meta name=\"twitter:card\" content=\"summary_large_image\" \/>\n<meta name=\"twitter:label1\" content=\"Gesch\u00e4tzte Lesezeit\" \/>\n\t<meta name=\"twitter:data1\" content=\"2\u00a0Minuten\" \/>\n<script type=\"application\/ld+json\" class=\"yoast-schema-graph\">{\"@context\":\"https:\/\/schema.org\",\"@graph\":[{\"@type\":\"WebPage\",\"@id\":\"https:\/\/www.casavacanzelevico.it\/de\/levico-terme\/\",\"url\":\"https:\/\/www.casavacanzelevico.it\/de\/levico-terme\/\",\"name\":\"Levico Terme - Casa Vacanze Levico\",\"isPartOf\":{\"@id\":\"https:\/\/www.casavacanzelevico.it\/de\/#website\"},\"primaryImageOfPage\":{\"@id\":\"https:\/\/www.casavacanzelevico.it\/de\/levico-terme\/#primaryimage\"},\"image\":{\"@id\":\"https:\/\/www.casavacanzelevico.it\/de\/levico-terme\/#primaryimage\"},\"thumbnailUrl\":\"http:\/\/www.casavacanzelevico.it\/wp-content\/uploads\/2022\/06\/lago-levico_001.jpg\",\"datePublished\":\"2022-06-06T11:14:42+00:00\",\"dateModified\":\"2022-06-13T16:01:20+00:00\",\"breadcrumb\":{\"@id\":\"https:\/\/www.casavacanzelevico.it\/de\/levico-terme\/#breadcrumb\"},\"inLanguage\":\"de\",\"potentialAction\":[{\"@type\":\"ReadAction\",\"target\":[\"https:\/\/www.casavacanzelevico.it\/de\/levico-terme\/\"]}]},{\"@type\":\"ImageObject\",\"inLanguage\":\"de\",\"@id\":\"https:\/\/www.casavacanzelevico.it\/de\/levico-terme\/#primaryimage\",\"url\":\"http:\/\/www.casavacanzelevico.it\/wp-content\/uploads\/2022\/06\/lago-levico_001.jpg\",\"contentUrl\":\"http:\/\/www.casavacanzelevico.it\/wp-content\/uploads\/2022\/06\/lago-levico_001.jpg\"},{\"@type\":\"BreadcrumbList\",\"@id\":\"https:\/\/www.casavacanzelevico.it\/de\/levico-terme\/#breadcrumb\",\"itemListElement\":[{\"@type\":\"ListItem\",\"position\":1,\"name\":\"Home\",\"item\":\"https:\/\/www.casavacanzelevico.it\/de\/\"},{\"@type\":\"ListItem\",\"position\":2,\"name\":\"Levico Terme\"}]},{\"@type\":\"WebSite\",\"@id\":\"https:\/\/www.casavacanzelevico.it\/de\/#website\",\"url\":\"https:\/\/www.casavacanzelevico.it\/de\/\",\"name\":\"Casa Vacanze Levico\",\"description\":\"\",\"publisher\":{\"@id\":\"https:\/\/www.casavacanzelevico.it\/de\/#organization\"},\"potentialAction\":[{\"@type\":\"SearchAction\",\"target\":{\"@type\":\"EntryPoint\",\"urlTemplate\":\"https:\/\/www.casavacanzelevico.it\/de\/?s={search_term_string}\"},\"query-input\":{\"@type\":\"PropertyValueSpecification\",\"valueRequired\":true,\"valueName\":\"search_term_string\"}}],\"inLanguage\":\"de\"},{\"@type\":\"Organization\",\"@id\":\"https:\/\/www.casavacanzelevico.it\/de\/#organization\",\"name\":\"Casa Vacanze Levico\",\"url\":\"https:\/\/www.casavacanzelevico.it\/de\/\",\"logo\":{\"@type\":\"ImageObject\",\"inLanguage\":\"de\",\"@id\":\"https:\/\/www.casavacanzelevico.it\/de\/#\/schema\/logo\/image\/\",\"url\":\"https:\/\/www.casavacanzelevico.it\/wp-content\/uploads\/2022\/06\/logo.png\",\"contentUrl\":\"https:\/\/www.casavacanzelevico.it\/wp-content\/uploads\/2022\/06\/logo.png\",\"width\":342,\"height\":153,\"caption\":\"Casa Vacanze Levico\"},\"image\":{\"@id\":\"https:\/\/www.casavacanzelevico.it\/de\/#\/schema\/logo\/image\/\"}}]}<\/script>\n<!-- \/ Yoast SEO plugin. -->","yoast_head_json":{"title":"Levico Terme - Casa Vacanze Levico","robots":{"index":"index","follow":"follow","max-snippet":"max-snippet:-1","max-image-preview":"max-image-preview:large","max-video-preview":"max-video-preview:-1"},"canonical":"https:\/\/www.casavacanzelevico.it\/de\/levico-terme\/","og_locale":"de_DE","og_type":"article","og_title":"Levico Terme - Casa Vacanze Levico","og_url":"https:\/\/www.casavacanzelevico.it\/de\/levico-terme\/","og_site_name":"Casa Vacanze Levico","article_modified_time":"2022-06-13T16:01:20+00:00","og_image":[{"url":"http:\/\/www.casavacanzelevico.it\/wp-content\/uploads\/2022\/06\/lago-levico_001.jpg","type":"","width":"","height":""}],"twitter_card":"summary_large_image","twitter_misc":{"Gesch\u00e4tzte Lesezeit":"2\u00a0Minuten"},"schema":{"@context":"https:\/\/schema.org","@graph":[{"@type":"WebPage","@id":"https:\/\/www.casavacanzelevico.it\/de\/levico-terme\/","url":"https:\/\/www.casavacanzelevico.it\/de\/levico-terme\/","name":"Levico Terme - Casa Vacanze Levico","isPartOf":{"@id":"https:\/\/www.casavacanzelevico.it\/de\/#website"},"primaryImageOfPage":{"@id":"https:\/\/www.casavacanzelevico.it\/de\/levico-terme\/#primaryimage"},"image":{"@id":"https:\/\/www.casavacanzelevico.it\/de\/levico-terme\/#primaryimage"},"thumbnailUrl":"http:\/\/www.casavacanzelevico.it\/wp-content\/uploads\/2022\/06\/lago-levico_001.jpg","datePublished":"2022-06-06T11:14:42+00:00","dateModified":"2022-06-13T16:01:20+00:00","breadcrumb":{"@id":"https:\/\/www.casavacanzelevico.it\/de\/levico-terme\/#breadcrumb"},"inLanguage":"de","potentialAction":[{"@type":"ReadAction","target":["https:\/\/www.casavacanzelevico.it\/de\/levico-terme\/"]}]},{"@type":"ImageObject","inLanguage":"de","@id":"https:\/\/www.casavacanzelevico.it\/de\/levico-terme\/#primaryimage","url":"http:\/\/www.casavacanzelevico.it\/wp-content\/uploads\/2022\/06\/lago-levico_001.jpg","contentUrl":"http:\/\/www.casavacanzelevico.it\/wp-content\/uploads\/2022\/06\/lago-levico_001.jpg"},{"@type":"BreadcrumbList","@id":"https:\/\/www.casavacanzelevico.it\/de\/levico-terme\/#breadcrumb","itemListElement":[{"@type":"ListItem","position":1,"name":"Home","item":"https:\/\/www.casavacanzelevico.it\/de\/"},{"@type":"ListItem","position":2,"name":"Levico Terme"}]},{"@type":"WebSite","@id":"https:\/\/www.casavacanzelevico.it\/de\/#website","url":"https:\/\/www.casavacanzelevico.it\/de\/","name":"Casa Vacanze Levico","description":"","publisher":{"@id":"https:\/\/www.casavacanzelevico.it\/de\/#organization"},"potentialAction":[{"@type":"SearchAction","target":{"@type":"EntryPoint","urlTemplate":"https:\/\/www.casavacanzelevico.it\/de\/?s={search_term_string}"},"query-input":{"@type":"PropertyValueSpecification","valueRequired":true,"valueName":"search_term_string"}}],"inLanguage":"de"},{"@type":"Organization","@id":"https:\/\/www.casavacanzelevico.it\/de\/#organization","name":"Casa Vacanze Levico","url":"https:\/\/www.casavacanzelevico.it\/de\/","logo":{"@type":"ImageObject","inLanguage":"de","@id":"https:\/\/www.casavacanzelevico.it\/de\/#\/schema\/logo\/image\/","url":"https:\/\/www.casavacanzelevico.it\/wp-content\/uploads\/2022\/06\/logo.png","contentUrl":"https:\/\/www.casavacanzelevico.it\/wp-content\/uploads\/2022\/06\/logo.png","width":342,"height":153,"caption":"Casa Vacanze Levico"},"image":{"@id":"https:\/\/www.casavacanzelevico.it\/de\/#\/schema\/logo\/image\/"}}]}},"uagb_featured_image_src":{"full":false,"thumbnail":false,"medium":false,"medium_large":false,"large":false,"1536x1536":false,"2048x2048":false},"uagb_author_info":{"display_name":"Elvis","author_link":"https:\/\/www.casavacanzelevico.it\/de\/author\/elvis\/"},"uagb_comment_info":0,"uagb_excerpt":null,"_links":{"self":[{"href":"https:\/\/www.casavacanzelevico.it\/de\/wp-json\/wp\/v2\/pages\/531","targetHints":{"allow":["GET"]}}],"collection":[{"href":"https:\/\/www.casavacanzelevico.it\/de\/wp-json\/wp\/v2\/pages"}],"about":[{"href":"https:\/\/www.casavacanzelevico.it\/de\/wp-json\/wp\/v2\/types\/page"}],"author":[{"embeddable":true,"href":"https:\/\/www.casavacanzelevico.it\/de\/wp-json\/wp\/v2\/users\/1"}],"replies":[{"embeddable":true,"href":"https:\/\/www.casavacanzelevico.it\/de\/wp-json\/wp\/v2\/comments?post=531"}],"version-history":[{"count":4,"href":"https:\/\/www.casavacanzelevico.it\/de\/wp-json\/wp\/v2\/pages\/531\/revisions"}],"predecessor-version":[{"id":592,"href":"https:\/\/www.casavacanzelevico.it\/de\/wp-json\/wp\/v2\/pages\/531\/revisions\/592"}],"wp:attachment":[{"href":"https:\/\/www.casavacanzelevico.it\/de\/wp-json\/wp\/v2\/media?parent=531"}],"curies":[{"name":"wp","href":"https:\/\/api.w.org\/{rel}","templated":true}]}}